{"id":1208,"date":"2026-04-28T12:03:17","date_gmt":"2026-04-28T12:03:17","guid":{"rendered":"https:\/\/www.c-happconsulting.fi\/?page_id=1208"},"modified":"2026-04-28T12:20:24","modified_gmt":"2026-04-28T12:20:24","slug":"ploki","status":"publish","type":"page","link":"https:\/\/www.c-happconsulting.fi\/index.php\/ploki\/","title":{"rendered":"Bloki"},"content":{"rendered":"\t\t<div data-elementor-type=\"wp-page\" data-elementor-id=\"1208\" class=\"elementor elementor-1208\">\n\t\t\t\t<div class=\"elementor-element elementor-element-7ccaffbb hero-bg elementor-hidden-tablet elementor-hidden-mobile e-flex e-con-boxed e-con e-parent\" data-id=\"7ccaffbb\" data-element_type=\"container\" data-e-type=\"container\" data-settings=\"{&quot;background_background&quot;:&quot;classic&quot;}\">\n\t\t\t\t\t<div class=\"e-con-inner\">\n\t\t<div class=\"elementor-element elementor-element-5258d15b e-flex e-con-boxed e-con e-child\" data-id=\"5258d15b\" data-element_type=\"container\" data-e-type=\"container\">\n\t\t\t\t\t<div class=\"e-con-inner\">\n\t\t<div class=\"elementor-element elementor-element-3d61fd48 e-con-full e-flex e-con e-child\" data-id=\"3d61fd48\" data-element_type=\"container\" data-e-type=\"container\" data-settings=\"{&quot;background_background&quot;:&quot;classic&quot;}\">\n\t\t\t\t<div class=\"elementor-element elementor-element-2c2c431d elementor-widget elementor-widget-button\" data-id=\"2c2c431d\" data-element_type=\"widget\" data-e-type=\"widget\" data-widget_type=\"button.default\">\n\t\t\t\t\t\t\t\t\t\t<a class=\"elementor-button elementor-button-link elementor-size-sm\" href=\"#\/index.php\/tietoa-meista\/\">\n\t\t\t\t\t\t<span class=\"elementor-button-content-wrapper\">\n\t\t\t\t\t\t\t\t\t<span class=\"elementor-button-text\">POHJOISMAISTA ASIANTUNTEMUSTA<\/span>\n\t\t\t\t\t<\/span>\n\t\t\t\t\t<\/a>\n\t\t\t\t\t\t\t\t<\/div>\n\t\t\t\t<div class=\"elementor-element elementor-element-7c1c4d81 elementor-widget elementor-widget-heading\" data-id=\"7c1c4d81\" data-element_type=\"widget\" data-e-type=\"widget\" data-widget_type=\"heading.default\">\n\t\t\t\t\t<h1 class=\"elementor-heading-title elementor-size-default\">Tietoa ja n\u00e4k\u00f6kulmia <span class=\"nav-color\">kansainv\u00e4liseen kasvuun<\/span><br> suomalaisille yrityksille.<\/h1>\t\t\t\t<\/div>\n\t\t\t\t<\/div>\n\t\t\t\t\t<\/div>\n\t\t\t\t<\/div>\n\t\t\t\t\t<\/div>\n\t\t\t\t<\/div>\n\t\t<div class=\"elementor-element elementor-element-3d9c6bf e-flex e-con-boxed e-con e-parent\" data-id=\"3d9c6bf\" data-element_type=\"container\" data-e-type=\"container\">\n\t\t\t\t\t<div class=\"e-con-inner\">\n\t\t\t\t<div class=\"elementor-element elementor-element-a868b5d elementor-grid-eael-col-4 elementor-grid-tablet-eael-col-2 elementor-grid-mobile-eael-col-1 elementor-widget elementor-widget-eael-post-grid\" data-id=\"a868b5d\" data-element_type=\"widget\" data-e-type=\"widget\" data-settings=\"{&quot;eael_post_grid_columns&quot;:&quot;eael-col-4&quot;,&quot;eael_post_grid_columns_tablet&quot;:&quot;eael-col-2&quot;,&quot;eael_post_grid_columns_mobile&quot;:&quot;eael-col-1&quot;}\" data-widget_type=\"eael-post-grid.default\">\n\t\t\t\t\t<div id=\"eael-post-grid-a868b5d\" class=\"eael-post-grid-container\">\n            <div class=\"eael-post-grid eael-post-appender eael-post-appender-a868b5d eael-post-grid-style-one\" data-layout-mode=\"masonry\"><article class=\"eael-grid-post  eael-post-grid-column eael-pg-post-1205 category-kansainvalistyminen\" data-id=\"1205\">\n        <div class=\"eael-grid-post-holder\">\n            <div class=\"eael-grid-post-holder-inner\"><div class=\"eael-entry-wrapper\"><header class=\"eael-entry-header\"><h2 class=\"eael-entry-title\"><a class=\"eael-grid-post-link\" href=\"https:\/\/www.c-happconsulting.fi\/index.php\/2026\/04\/28\/5-askelta-saksan-markkinoille\/\" title=\"5 askelta Saksan markkinoille\">5 askelta Saksan markkinoille<\/a><\/h2><\/header><div class=\"eael-entry-content\">\n                        <div class=\"eael-grid-post-excerpt\"><p>Saksan markkinoille suuntaaminen pk\u2011yritykselle voi tuntua haastavalta, mutta oikealla suunnittelulla...<\/p><a href=\"https:\/\/www.c-happconsulting.fi\/index.php\/2026\/04\/28\/5-askelta-saksan-markkinoille\/\" class=\"eael-post-elements-readmore-btn\">Read More<\/a><\/div>\n                    <\/div><div class=\"eael-entry-footer\"><div class=\"eael-author-avatar\"><a href=\"https:\/\/www.c-happconsulting.fi\/index.php\/author\/admin\/\"><img alt='Christoph Happ' src='https:\/\/secure.gravatar.com\/avatar\/d401b4fb4db920c85d10b2aa10afe0f26d13204eca4aaebdd9611049ce88bbe4?s=96&#038;d=mm&#038;r=g' srcset='https:\/\/secure.gravatar.com\/avatar\/d401b4fb4db920c85d10b2aa10afe0f26d13204eca4aaebdd9611049ce88bbe4?s=192&#038;d=mm&#038;r=g 2x' class='avatar avatar-96 photo' height='96' width='96' \/><\/a><\/div><div class=\"eael-entry-meta\"><span class=\"eael-posted-by\"><a href=\"https:\/\/www.c-happconsulting.fi\/index.php\/author\/admin\/\" title=\"Posts by Christoph Happ\" rel=\"author\">Christoph Happ<\/a><\/span><span class=\"eael-posted-on\"><time datetime=\"28 huhtikuun, 2026\">28 huhtikuun, 2026<\/time><\/span><\/div><\/div><\/div><\/div>\n        <\/div>\n    <\/article><\/div>\n            <div class=\"clearfix\"><\/div>\n        <\/div>\t\t\t\t<\/div>\n\t\t\t\t\t<\/div>\n\t\t\t\t<\/div>\n\t\t<div class=\"elementor-element elementor-element-91b96eb e-con-full e-flex e-con e-parent\" data-id=\"91b96eb\" data-element_type=\"container\" data-e-type=\"container\" data-settings=\"{&quot;background_background&quot;:&quot;classic&quot;}\">\n\t\t<div class=\"elementor-element elementor-element-1a2d4b2c e-con-full e-flex e-con e-child\" data-id=\"1a2d4b2c\" data-element_type=\"container\" data-e-type=\"container\" data-settings=\"{&quot;background_background&quot;:&quot;classic&quot;}\">\n\t\t\t\t<div class=\"elementor-element elementor-element-6ed5473b elementor-widget elementor-widget-heading\" data-id=\"6ed5473b\" data-element_type=\"widget\" data-e-type=\"widget\" data-widget_type=\"heading.default\">\n\t\t\t\t\t<h2 class=\"elementor-heading-title elementor-size-default\">Kysy lis\u00e4\u00e4<\/h2>\t\t\t\t<\/div>\n\t\t\t\t<div class=\"elementor-element elementor-element-717cde07 elementor-widget elementor-widget-text-editor\" data-id=\"717cde07\" data-element_type=\"widget\" data-e-type=\"widget\" data-widget_type=\"text-editor.default\">\n\t\t\t\t\t\t\t\t\t<p><em>Kerro meille projektistasi tai kysy lis\u00e4tietoja \u2013 vastaamme nopeasti.<\/em><\/p>\t\t\t\t\t\t\t\t<\/div>\n\t\t\t\t<div class=\"elementor-element elementor-element-724fb60 elementor-widget__width-initial elementor-widget elementor-widget-shortcode\" data-id=\"724fb60\" data-element_type=\"widget\" data-e-type=\"widget\" data-widget_type=\"shortcode.default\">\n\t\t\t\t\t\t\t<div class=\"elementor-shortcode\">\n<div class=\"wpcf7 no-js\" id=\"wpcf7-f29-o1\" lang=\"fi\" dir=\"ltr\" data-wpcf7-id=\"29\">\n<div class=\"screen-reader-response\"><p role=\"status\" aria-live=\"polite\" aria-atomic=\"true\"><\/p> <ul><\/ul><\/div>\n<form action=\"\/index.php\/wp-json\/wp\/v2\/pages\/1208#wpcf7-f29-o1\" method=\"post\" class=\"wpcf7-form init\" aria-label=\"Yhteydenottolomake\" novalidate=\"novalidate\" data-status=\"init\">\n<fieldset class=\"hidden-fields-container\"><input type=\"hidden\" name=\"_wpcf7\" value=\"29\" \/><input type=\"hidden\" name=\"_wpcf7_version\" value=\"6.1.6\" \/><input type=\"hidden\" name=\"_wpcf7_locale\" value=\"fi\" \/><input type=\"hidden\" name=\"_wpcf7_unit_tag\" value=\"wpcf7-f29-o1\" \/><input type=\"hidden\" name=\"_wpcf7_container_post\" value=\"0\" \/><input type=\"hidden\" name=\"_wpcf7_posted_data_hash\" value=\"\" \/>\n<\/fieldset>\n<p><label> Nimesi<br \/>\n<span class=\"wpcf7-form-control-wrap\" data-name=\"your-name\"><input size=\"40\" maxlength=\"400\" class=\"wpcf7-form-control wpcf7-text wpcf7-validates-as-required\" autocomplete=\"name\" aria-required=\"true\" aria-invalid=\"false\" value=\"\" type=\"text\" name=\"your-name\" \/><\/span> <\/label>\n<\/p>\n<p><label> S\u00e4hk\u00f6postiosoitteesi<br \/>\n<span class=\"wpcf7-form-control-wrap\" data-name=\"your-email\"><input size=\"40\" maxlength=\"400\" class=\"wpcf7-form-control wpcf7-email wpcf7-validates-as-required wpcf7-text wpcf7-validates-as-email\" autocomplete=\"email\" aria-required=\"true\" aria-invalid=\"false\" value=\"\" type=\"email\" name=\"your-email\" \/><\/span> <\/label>\n<\/p>\n<p><label> Aihe<br \/>\n<span class=\"wpcf7-form-control-wrap\" data-name=\"your-subject\"><input size=\"40\" maxlength=\"400\" class=\"wpcf7-form-control wpcf7-text wpcf7-validates-as-required\" aria-required=\"true\" aria-invalid=\"false\" value=\"\" type=\"text\" name=\"your-subject\" \/><\/span> <\/label>\n<\/p>\n<p><label> Viestisi (valinnainen)<br \/>\n<span class=\"wpcf7-form-control-wrap\" data-name=\"your-message\"><textarea cols=\"40\" rows=\"10\" maxlength=\"2000\" class=\"wpcf7-form-control wpcf7-textarea\" aria-invalid=\"false\" name=\"your-message\"><\/textarea><\/span> <\/label>\n<\/p>\n<p><input class=\"wpcf7-form-control wpcf7-submit has-spinner\" type=\"submit\" value=\"L\u00e4het\u00e4\" \/>\n<\/p><p style=\"display: none !important;\" class=\"akismet-fields-container\" data-prefix=\"_wpcf7_ak_\"><label>&#916;<textarea name=\"_wpcf7_ak_hp_textarea\" cols=\"45\" rows=\"8\" maxlength=\"100\"><\/textarea><\/label><input type=\"hidden\" id=\"ak_js_1\" name=\"_wpcf7_ak_js\" value=\"182\"\/><script>\ndocument.getElementById( \"ak_js_1\" ).setAttribute( \"value\", ( new Date() ).getTime() );\n<\/script>\n<\/p><div class=\"wpcf7-response-output\" aria-hidden=\"true\"><\/div>\n<\/form>\n<\/div>\n<\/div>\n\t\t\t\t\t\t<\/div>\n\t\t\t\t<\/div>\n\t\t\t\t<\/div>\n\t\t\t\t<\/div>\n\t\t","protected":false},"excerpt":{"rendered":"<p>POHJOISMAISTA ASIANTUNTEMUSTA Tietoa ja n\u00e4k\u00f6kulmia kansainv\u00e4liseen kasvuun suomalaisille yrityksille. 5 askelta Saksan markkinoille Saksan markkinoille suuntaaminen pk\u2011yritykselle voi tuntua haastavalta, [&hellip;]<\/p>\n","protected":false},"author":2,"featured_media":0,"parent":0,"menu_order":0,"comment_status":"closed","ping_status":"closed","template":"","meta":{"_eb_attr":"","site-sidebar-layout":"no-sidebar","site-content-layout":"","ast-site-content-layout":"full-width-container","site-content-style":"default","site-sidebar-style":"default","ast-global-header-display":"","ast-banner-title-visibility":"","ast-main-header-display":"","ast-hfb-above-header-display":"","ast-hfb-below-header-display":"","ast-hfb-mobile-header-display":"","site-post-title":"","ast-breadcrumbs-content":"","ast-featured-img":"disabled","footer-sml-layout":"","ast-disable-related-posts":"","theme-transparent-header-meta":"","adv-header-id-meta":"","stick-header-meta":"","header-above-stick-meta":"","header-main-stick-meta":"","header-below-stick-meta":"","astra-migrate-meta-layouts":"default","ast-page-background-enabled":"default","ast-page-background-meta":{"desktop":{"background-color":"var(--ast-global-color-5)","background-image":"","background-repeat":"repeat","background-position":"center center","background-size":"auto","background-attachment":"scroll","background-type":"","background-media":"","overlay-type":"","overlay-color":"","overlay-opacity":"","overlay-gradient":""},"tablet":{"background-color":"","background-image":"","background-repeat":"repeat","background-position":"center center","background-size":"auto","background-attachment":"scroll","background-type":"","background-media":"","overlay-type":"","overlay-color":"","overlay-opacity":"","overlay-gradient":""},"mobile":{"background-color":"","background-image":"","background-repeat":"repeat","background-position":"center center","background-size":"auto","background-attachment":"scroll","background-type":"","background-media":"","overlay-type":"","overlay-color":"","overlay-opacity":"","overlay-gradient":""}},"ast-content-background-meta":{"desktop":{"background-color":"var(--ast-global-color-4)","background-image":"","background-repeat":"repeat","background-position":"center center","background-size":"auto","background-attachment":"scroll","background-type":"","background-media":"","overlay-type":"","overlay-color":"","overlay-opacity":"","overlay-gradient":""},"tablet":{"background-color":"var(--ast-global-color-4)","background-image":"","background-repeat":"repeat","background-position":"center center","background-size":"auto","background-attachment":"scroll","background-type":"","background-media":"","overlay-type":"","overlay-color":"","overlay-opacity":"","overlay-gradient":""},"mobile":{"background-color":"var(--ast-global-color-4)","background-image":"","background-repeat":"repeat","background-position":"center center","background-size":"auto","background-attachment":"scroll","background-type":"","background-media":"","overlay-type":"","overlay-color":"","overlay-opacity":"","overlay-gradient":""}},"footnotes":""},"class_list":["post-1208","page","type-page","status-publish","hentry"],"yoast_head":"<!-- This site is optimized with the Yoast SEO plugin v27.6 - https:\/\/yoast.com\/product\/yoast-seo-wordpress\/ -->\n<title>Bloki - C.Happ Consulting<\/title>\n<meta name=\"robots\" content=\"index, follow, max-snippet:-1, max-image-preview:large, max-video-preview:-1\" \/>\n<link rel=\"canonical\" href=\"https:\/\/www.c-happconsulting.fi\/index.php\/ploki\/\" \/>\n<meta property=\"og:locale\" content=\"fi_FI\" \/>\n<meta property=\"og:type\" content=\"article\" \/>\n<meta property=\"og:title\" content=\"Bloki - C.Happ Consulting\" \/>\n<meta property=\"og:description\" content=\"POHJOISMAISTA ASIANTUNTEMUSTA Tietoa ja n\u00e4k\u00f6kulmia kansainv\u00e4liseen kasvuun suomalaisille yrityksille. 5 askelta Saksan markkinoille Saksan markkinoille suuntaaminen pk\u2011yritykselle voi tuntua haastavalta, [&hellip;]\" \/>\n<meta property=\"og:url\" content=\"https:\/\/www.c-happconsulting.fi\/index.php\/ploki\/\" \/>\n<meta property=\"og:site_name\" content=\"C.Happ Consulting\" \/>\n<meta property=\"article:modified_time\" content=\"2026-04-28T12:20:24+00:00\" \/>\n<meta property=\"og:image\" content=\"https:\/\/secure.gravatar.com\/avatar\/d401b4fb4db920c85d10b2aa10afe0f26d13204eca4aaebdd9611049ce88bbe4?s=96&#038;d=mm&#038;r=g\" \/>\n<meta name=\"twitter:card\" content=\"summary_large_image\" \/>\n<meta name=\"twitter:label1\" content=\"Arvioitu lukuaika\" \/>\n\t<meta name=\"twitter:data1\" content=\"1 minuutti\" \/>\n<script type=\"application\/ld+json\" class=\"yoast-schema-graph\">{\"@context\":\"https:\\\/\\\/schema.org\",\"@graph\":[{\"@type\":\"WebPage\",\"@id\":\"https:\\\/\\\/www.c-happconsulting.fi\\\/index.php\\\/ploki\\\/\",\"url\":\"https:\\\/\\\/www.c-happconsulting.fi\\\/index.php\\\/ploki\\\/\",\"name\":\"Bloki - C.Happ Consulting\",\"isPartOf\":{\"@id\":\"https:\\\/\\\/www.c-happconsulting.fi\\\/#website\"},\"primaryImageOfPage\":{\"@id\":\"https:\\\/\\\/www.c-happconsulting.fi\\\/index.php\\\/ploki\\\/#primaryimage\"},\"image\":{\"@id\":\"https:\\\/\\\/www.c-happconsulting.fi\\\/index.php\\\/ploki\\\/#primaryimage\"},\"thumbnailUrl\":\"https:\\\/\\\/secure.gravatar.com\\\/avatar\\\/d401b4fb4db920c85d10b2aa10afe0f26d13204eca4aaebdd9611049ce88bbe4?s=96&#038;d=mm&#038;r=g\",\"datePublished\":\"2026-04-28T12:03:17+00:00\",\"dateModified\":\"2026-04-28T12:20:24+00:00\",\"breadcrumb\":{\"@id\":\"https:\\\/\\\/www.c-happconsulting.fi\\\/index.php\\\/ploki\\\/#breadcrumb\"},\"inLanguage\":\"fi\",\"potentialAction\":[{\"@type\":\"ReadAction\",\"target\":[\"https:\\\/\\\/www.c-happconsulting.fi\\\/index.php\\\/ploki\\\/\"]}]},{\"@type\":\"ImageObject\",\"inLanguage\":\"fi\",\"@id\":\"https:\\\/\\\/www.c-happconsulting.fi\\\/index.php\\\/ploki\\\/#primaryimage\",\"url\":\"https:\\\/\\\/secure.gravatar.com\\\/avatar\\\/d401b4fb4db920c85d10b2aa10afe0f26d13204eca4aaebdd9611049ce88bbe4?s=96&#038;d=mm&#038;r=g\",\"contentUrl\":\"https:\\\/\\\/secure.gravatar.com\\\/avatar\\\/d401b4fb4db920c85d10b2aa10afe0f26d13204eca4aaebdd9611049ce88bbe4?s=96&#038;d=mm&#038;r=g\"},{\"@type\":\"BreadcrumbList\",\"@id\":\"https:\\\/\\\/www.c-happconsulting.fi\\\/index.php\\\/ploki\\\/#breadcrumb\",\"itemListElement\":[{\"@type\":\"ListItem\",\"position\":1,\"name\":\"Etusivu\",\"item\":\"https:\\\/\\\/www.c-happconsulting.fi\\\/\"},{\"@type\":\"ListItem\",\"position\":2,\"name\":\"Bloki\"}]},{\"@type\":\"WebSite\",\"@id\":\"https:\\\/\\\/www.c-happconsulting.fi\\\/#website\",\"url\":\"https:\\\/\\\/www.c-happconsulting.fi\\\/\",\"name\":\"C.Happ Consulting\",\"description\":\"\",\"publisher\":{\"@id\":\"https:\\\/\\\/www.c-happconsulting.fi\\\/#organization\"},\"potentialAction\":[{\"@type\":\"SearchAction\",\"target\":{\"@type\":\"EntryPoint\",\"urlTemplate\":\"https:\\\/\\\/www.c-happconsulting.fi\\\/?s={search_term_string}\"},\"query-input\":{\"@type\":\"PropertyValueSpecification\",\"valueRequired\":true,\"valueName\":\"search_term_string\"}}],\"inLanguage\":\"fi\"},{\"@type\":\"Organization\",\"@id\":\"https:\\\/\\\/www.c-happconsulting.fi\\\/#organization\",\"name\":\"C.Happ Consulting\",\"url\":\"https:\\\/\\\/www.c-happconsulting.fi\\\/\",\"logo\":{\"@type\":\"ImageObject\",\"inLanguage\":\"fi\",\"@id\":\"https:\\\/\\\/www.c-happconsulting.fi\\\/#\\\/schema\\\/logo\\\/image\\\/\",\"url\":\"https:\\\/\\\/www.c-happconsulting.fi\\\/wp-content\\\/uploads\\\/2026\\\/01\\\/cropped-2logo500x500.png\",\"contentUrl\":\"https:\\\/\\\/www.c-happconsulting.fi\\\/wp-content\\\/uploads\\\/2026\\\/01\\\/cropped-2logo500x500.png\",\"width\":2104,\"height\":2087,\"caption\":\"C.Happ Consulting\"},\"image\":{\"@id\":\"https:\\\/\\\/www.c-happconsulting.fi\\\/#\\\/schema\\\/logo\\\/image\\\/\"},\"sameAs\":[\"https:\\\/\\\/www.linkedin.com\\\/in\\\/christoph-happ-a4a96b313\"]}]}<\/script>\n<!-- \/ Yoast SEO plugin. -->","yoast_head_json":{"title":"Bloki - C.Happ Consulting","robots":{"index":"index","follow":"follow","max-snippet":"max-snippet:-1","max-image-preview":"max-image-preview:large","max-video-preview":"max-video-preview:-1"},"canonical":"https:\/\/www.c-happconsulting.fi\/index.php\/ploki\/","og_locale":"fi_FI","og_type":"article","og_title":"Bloki - C.Happ Consulting","og_description":"POHJOISMAISTA ASIANTUNTEMUSTA Tietoa ja n\u00e4k\u00f6kulmia kansainv\u00e4liseen kasvuun suomalaisille yrityksille. 5 askelta Saksan markkinoille Saksan markkinoille suuntaaminen pk\u2011yritykselle voi tuntua haastavalta, [&hellip;]","og_url":"https:\/\/www.c-happconsulting.fi\/index.php\/ploki\/","og_site_name":"C.Happ Consulting","article_modified_time":"2026-04-28T12:20:24+00:00","og_image":[{"url":"https:\/\/secure.gravatar.com\/avatar\/d401b4fb4db920c85d10b2aa10afe0f26d13204eca4aaebdd9611049ce88bbe4?s=96&#038;d=mm&#038;r=g","type":"","width":"","height":""}],"twitter_card":"summary_large_image","twitter_misc":{"Arvioitu lukuaika":"1 minuutti"},"schema":{"@context":"https:\/\/schema.org","@graph":[{"@type":"WebPage","@id":"https:\/\/www.c-happconsulting.fi\/index.php\/ploki\/","url":"https:\/\/www.c-happconsulting.fi\/index.php\/ploki\/","name":"Bloki - C.Happ Consulting","isPartOf":{"@id":"https:\/\/www.c-happconsulting.fi\/#website"},"primaryImageOfPage":{"@id":"https:\/\/www.c-happconsulting.fi\/index.php\/ploki\/#primaryimage"},"image":{"@id":"https:\/\/www.c-happconsulting.fi\/index.php\/ploki\/#primaryimage"},"thumbnailUrl":"https:\/\/secure.gravatar.com\/avatar\/d401b4fb4db920c85d10b2aa10afe0f26d13204eca4aaebdd9611049ce88bbe4?s=96&#038;d=mm&#038;r=g","datePublished":"2026-04-28T12:03:17+00:00","dateModified":"2026-04-28T12:20:24+00:00","breadcrumb":{"@id":"https:\/\/www.c-happconsulting.fi\/index.php\/ploki\/#breadcrumb"},"inLanguage":"fi","potentialAction":[{"@type":"ReadAction","target":["https:\/\/www.c-happconsulting.fi\/index.php\/ploki\/"]}]},{"@type":"ImageObject","inLanguage":"fi","@id":"https:\/\/www.c-happconsulting.fi\/index.php\/ploki\/#primaryimage","url":"https:\/\/secure.gravatar.com\/avatar\/d401b4fb4db920c85d10b2aa10afe0f26d13204eca4aaebdd9611049ce88bbe4?s=96&#038;d=mm&#038;r=g","contentUrl":"https:\/\/secure.gravatar.com\/avatar\/d401b4fb4db920c85d10b2aa10afe0f26d13204eca4aaebdd9611049ce88bbe4?s=96&#038;d=mm&#038;r=g"},{"@type":"BreadcrumbList","@id":"https:\/\/www.c-happconsulting.fi\/index.php\/ploki\/#breadcrumb","itemListElement":[{"@type":"ListItem","position":1,"name":"Etusivu","item":"https:\/\/www.c-happconsulting.fi\/"},{"@type":"ListItem","position":2,"name":"Bloki"}]},{"@type":"WebSite","@id":"https:\/\/www.c-happconsulting.fi\/#website","url":"https:\/\/www.c-happconsulting.fi\/","name":"C.Happ Consulting","description":"","publisher":{"@id":"https:\/\/www.c-happconsulting.fi\/#organization"},"potentialAction":[{"@type":"SearchAction","target":{"@type":"EntryPoint","urlTemplate":"https:\/\/www.c-happconsulting.fi\/?s={search_term_string}"},"query-input":{"@type":"PropertyValueSpecification","valueRequired":true,"valueName":"search_term_string"}}],"inLanguage":"fi"},{"@type":"Organization","@id":"https:\/\/www.c-happconsulting.fi\/#organization","name":"C.Happ Consulting","url":"https:\/\/www.c-happconsulting.fi\/","logo":{"@type":"ImageObject","inLanguage":"fi","@id":"https:\/\/www.c-happconsulting.fi\/#\/schema\/logo\/image\/","url":"https:\/\/www.c-happconsulting.fi\/wp-content\/uploads\/2026\/01\/cropped-2logo500x500.png","contentUrl":"https:\/\/www.c-happconsulting.fi\/wp-content\/uploads\/2026\/01\/cropped-2logo500x500.png","width":2104,"height":2087,"caption":"C.Happ Consulting"},"image":{"@id":"https:\/\/www.c-happconsulting.fi\/#\/schema\/logo\/image\/"},"sameAs":["https:\/\/www.linkedin.com\/in\/christoph-happ-a4a96b313"]}]}},"_links":{"self":[{"href":"https:\/\/www.c-happconsulting.fi\/index.php\/wp-json\/wp\/v2\/pages\/1208","targetHints":{"allow":["GET"]}}],"collection":[{"href":"https:\/\/www.c-happconsulting.fi\/index.php\/wp-json\/wp\/v2\/pages"}],"about":[{"href":"https:\/\/www.c-happconsulting.fi\/index.php\/wp-json\/wp\/v2\/types\/page"}],"author":[{"embeddable":true,"href":"https:\/\/www.c-happconsulting.fi\/index.php\/wp-json\/wp\/v2\/users\/2"}],"replies":[{"embeddable":true,"href":"https:\/\/www.c-happconsulting.fi\/index.php\/wp-json\/wp\/v2\/comments?post=1208"}],"version-history":[{"count":20,"href":"https:\/\/www.c-happconsulting.fi\/index.php\/wp-json\/wp\/v2\/pages\/1208\/revisions"}],"predecessor-version":[{"id":1233,"href":"https:\/\/www.c-happconsulting.fi\/index.php\/wp-json\/wp\/v2\/pages\/1208\/revisions\/1233"}],"wp:attachment":[{"href":"https:\/\/www.c-happconsulting.fi\/index.php\/wp-json\/wp\/v2\/media?parent=1208"}],"curies":[{"name":"wp","href":"https:\/\/api.w.org\/{rel}","templated":true}]}}