{"id":50,"date":"2025-07-19T13:47:52","date_gmt":"2025-07-19T13:47:52","guid":{"rendered":"http:\/\/www.c-happconsulting.fi\/?page_id=50"},"modified":"2026-02-11T09:19:15","modified_gmt":"2026-02-11T09:19:15","slug":"tietoa-meista","status":"publish","type":"page","link":"https:\/\/www.c-happconsulting.fi\/index.php\/tietoa-meista\/","title":{"rendered":"Tietoa meist\u00e4"},"content":{"rendered":"\t\t<div data-elementor-type=\"wp-page\" data-elementor-id=\"50\" class=\"elementor elementor-50\">\n\t\t\t\t<div class=\"elementor-element elementor-element-6395912c e-flex e-con-boxed e-con e-parent\" data-id=\"6395912c\" data-element_type=\"container\" data-e-type=\"container\">\n\t\t\t\t\t<div class=\"e-con-inner\">\n\t\t<div class=\"elementor-element elementor-element-6f7ee8a e-flex e-con-boxed e-con e-child\" data-id=\"6f7ee8a\" data-element_type=\"container\" data-e-type=\"container\">\n\t\t\t\t\t<div class=\"e-con-inner\">\n\t\t\t\t<div class=\"elementor-element elementor-element-127c9a9 elementor-widget elementor-widget-text-editor\" data-id=\"127c9a9\" data-element_type=\"widget\" data-e-type=\"widget\" data-widget_type=\"text-editor.default\">\n\t\t\t\t\t\t\t\t\t<p><strong>Olen Christoph Happ \u2013 vahva myynnin, asiakashankinnan ja markkinoilletulon asiantuntija. Yritykseni, C.Happ Consulting, auttaa suomalaisia pk-yrityksi\u00e4 kasvamaan, l\u00f6yt\u00e4m\u00e4\u00e4n oikeat asiakkaat ja laajentumaan erityisesti saksankielisille markkinoille, kuten Saksaan, It\u00e4valtaan ja Sveitsiin.<\/strong><\/p>\t\t\t\t\t\t\t\t<\/div>\n\t\t\t\t\t<\/div>\n\t\t\t\t<\/div>\n\t\t<div class=\"elementor-element elementor-element-e1ce839 e-flex e-con-boxed e-con e-child\" data-id=\"e1ce839\" data-element_type=\"container\" data-e-type=\"container\">\n\t\t\t\t\t<div class=\"e-con-inner\">\n\t\t\t\t<div class=\"elementor-element elementor-element-c3d16dd elementor-widget elementor-widget-text-editor\" data-id=\"c3d16dd\" data-element_type=\"widget\" data-e-type=\"widget\" data-widget_type=\"text-editor.default\">\n\t\t\t\t\t\t\t\t\t<p>Minulla on monipuolinen tausta elintarvike- ja ravintola-alalta sek\u00e4 B2B-myynnin ja asiakashankinnan parista. T\u00e4m\u00e4 k\u00e4yt\u00e4nn\u00f6n kokemus tuo arvokasta ymm\u00e4rryst\u00e4 erilaisten yritysten tarpeista, asiakkaiden odotuksista ja siit\u00e4, mit\u00e4 markkinoillep\u00e4\u00e4sy todella vaatii. Ymm\u00e4rr\u00e4n my\u00f6s, kuinka t\u00e4rke\u00e4\u00e4 on rakentaa luottamukseen perustuvia suhteita \u2013 varsinkin kun toimitaan uusilla markkina-alueilla ja eri liiketoimintakulttuureissa.<\/p>\n<p>Toimintatapani on suora, selke\u00e4 ja ratkaisukeskeinen. En tarjoa teoreettisia neuvoja, vaan konkreettisia toimenpiteit\u00e4, jotka viev\u00e4t yrityst\u00e4si eteenp\u00e4in. Tavoitteeni on auttaa sinua saavuttamaan todellisia tuloksia \u2013 oli kyse sitten asiakashankinnasta, viestint\u00e4kampanjasta, tai koko markkinoillemenostrategiasta.<\/p>\n<p>Palveluvalikoimani kattaa my\u00f6s korkeatasoiset kielipalvelut. Tarjoan ammattimaisia k\u00e4\u00e4nn\u00f6ksi\u00e4 ja tulkkausta saksan, suomen ja englannin v\u00e4lill\u00e4, jotta asiakkaani voivat viesti\u00e4 selke\u00e4sti, uskottavasti ja kulttuurisesti oikein. Kielipalvelut tukevat tehokkaasti asiakashankintaa ja kansainv\u00e4list\u00e4 viestint\u00e4\u00e4 \u2013 olipa kyse s\u00e4hk\u00f6posteista, esityksist\u00e4 tai neuvotteluista.<\/p>\n<p>C.Happ Consulting on kumppani, joka ajattelee asiakkaan kanssa, eik\u00e4 pelk\u00e4st\u00e4\u00e4n h\u00e4nen puolestaan.<\/p>\t\t\t\t\t\t\t\t<\/div>\n\t\t\t\t\t<\/div>\n\t\t\t\t<\/div>\n\t\t\t\t\t<\/div>\n\t\t\t\t<\/div>\n\t\t<div class=\"elementor-element elementor-element-8a8df21 e-flex e-con-boxed e-con e-parent\" data-id=\"8a8df21\" data-element_type=\"container\" data-e-type=\"container\">\n\t\t\t\t\t<div class=\"e-con-inner\">\n\t\t<div class=\"elementor-element elementor-element-8089512 e-flex e-con-boxed e-con e-child\" data-id=\"8089512\" data-element_type=\"container\" data-e-type=\"container\">\n\t\t\t\t\t<div class=\"e-con-inner\">\n\t\t\t\t<div class=\"elementor-element elementor-element-e15d767 elementor-widget elementor-widget-text-editor\" data-id=\"e15d767\" data-element_type=\"widget\" data-e-type=\"widget\" data-widget_type=\"text-editor.default\">\n\t\t\t\t\t\t\t\t\t<p data-start=\"1111\" data-end=\"1270\">Haluatko keskustella projektistasi tai pyyt\u00e4\u00e4 tarjouksen?<br data-start=\"1168\" data-end=\"1171\" \/>Ota yhteytt\u00e4 \u2013 rakennetaan yhdess\u00e4 selke\u00e4 ja tehokas suunnitelma yrityksesi kansainv\u00e4listymiseen.<\/p>\n<p>\u00a0<\/p>\t\t\t\t\t\t\t\t<\/div>\n\t\t<div class=\"elementor-element elementor-element-fd5ca85 e-con-full e-flex e-con e-child\" data-id=\"fd5ca85\" data-element_type=\"container\" data-e-type=\"container\">\n\t\t\t\t<div class=\"elementor-element elementor-element-b66de8a elementor-widget elementor-widget-text-editor\" data-id=\"b66de8a\" data-element_type=\"widget\" data-e-type=\"widget\" data-widget_type=\"text-editor.default\">\n\t\t\t\t\t\t\t\t\t<p data-start=\"1272\" data-end=\"1529\">\ud83d\udce7 <strong data-start=\"1275\" data-end=\"1290\">S\u00e4hk\u00f6posti:<\/strong> <a class=\"decorated-link cursor-pointer\" rel=\"noopener\" data-start=\"1291\" data-end=\"1320\">christoph@c-happconsulting.fi<\/a><br data-start=\"1320\" data-end=\"1323\" \/>\ud83d\udcde <strong data-start=\"1326\" data-end=\"1338\">Puhelin:<\/strong> +358 400 158 883<br data-start=\"1355\" data-end=\"1358\" \/>\ud83c\udf10 <strong data-start=\"1361\" data-end=\"1377\">Verkkosivut:<\/strong> <a class=\"decorated-link\" href=\"https:\/\/www.c-happconsulting.fi\" target=\"_new\" rel=\"noopener\" data-start=\"1378\" data-end=\"1436\">www.c-happconsulting.fi<\/a><br data-start=\"1436\" data-end=\"1439\" \/>\ud83d\udd17 <strong data-start=\"1442\" data-end=\"1455\">LinkedIn:<\/strong> <a class=\"decorated-link\" href=\"https:\/\/www.linkedin.com\/company\/c-happ-consulting\" target=\"_new\" rel=\"noopener\" data-start=\"1456\" data-end=\"1527\">C.Happ Consulting<\/a><\/p>\n<p>\u00a0<\/p>\t\t\t\t\t\t\t\t<\/div>\n\t\t\t\t<\/div>\n\t\t\t\t\t<\/div>\n\t\t\t\t<\/div>\n\t\t\t\t\t<\/div>\n\t\t\t\t<\/div>\n\t\t\t\t<\/div>\n\t\t","protected":false},"excerpt":{"rendered":"<p>Olen Christoph Happ \u2013 vahva myynnin, asiakashankinnan ja markkinoilletulon asiantuntija. Yritykseni, C.Happ Consulting, auttaa suomalaisia pk-yrityksi\u00e4 kasvamaan, l\u00f6yt\u00e4m\u00e4\u00e4n oikeat asiakkaat [&hellip;]<\/p>\n","protected":false},"author":1,"featured_media":0,"parent":0,"menu_order":0,"comment_status":"closed","ping_status":"closed","template":"","meta":{"_eb_attr":"","site-sidebar-layout":"default","site-content-layout":"","ast-site-content-layout":"default","site-content-style":"default","site-sidebar-style":"default","ast-global-header-display":"","ast-banner-title-visibility":"","ast-main-header-display":"","ast-hfb-above-header-display":"","ast-hfb-below-header-display":"","ast-hfb-mobile-header-display":"","site-post-title":"","ast-breadcrumbs-content":"","ast-featured-img":"","footer-sml-layout":"","ast-disable-related-posts":"","theme-transparent-header-meta":"","adv-header-id-meta":"","stick-header-meta":"","header-above-stick-meta":"","header-main-stick-meta":"","header-below-stick-meta":"","astra-migrate-meta-layouts":"default","ast-page-background-enabled":"default","ast-page-background-meta":{"desktop":{"background-color":"var(--ast-global-color-5)","background-image":"","background-repeat":"repeat","background-position":"center center","background-size":"auto","background-attachment":"scroll","background-type":"","background-media":"","overlay-type":"","overlay-color":"","overlay-opacity":"","overlay-gradient":""},"tablet":{"background-color":"","background-image":"","background-repeat":"repeat","background-position":"center center","background-size":"auto","background-attachment":"scroll","background-type":"","background-media":"","overlay-type":"","overlay-color":"","overlay-opacity":"","overlay-gradient":""},"mobile":{"background-color":"","background-image":"","background-repeat":"repeat","background-position":"center center","background-size":"auto","background-attachment":"scroll","background-type":"","background-media":"","overlay-type":"","overlay-color":"","overlay-opacity":"","overlay-gradient":""}},"ast-content-background-meta":{"desktop":{"background-color":"var(--ast-global-color-4)","background-image":"","background-repeat":"repeat","background-position":"center center","background-size":"auto","background-attachment":"scroll","background-type":"","background-media":"","overlay-type":"","overlay-color":"","overlay-opacity":"","overlay-gradient":""},"tablet":{"background-color":"var(--ast-global-color-4)","background-image":"","background-repeat":"repeat","background-position":"center center","background-size":"auto","background-attachment":"scroll","background-type":"","background-media":"","overlay-type":"","overlay-color":"","overlay-opacity":"","overlay-gradient":""},"mobile":{"background-color":"var(--ast-global-color-4)","background-image":"","background-repeat":"repeat","background-position":"center center","background-size":"auto","background-attachment":"scroll","background-type":"","background-media":"","overlay-type":"","overlay-color":"","overlay-opacity":"","overlay-gradient":""}},"footnotes":""},"class_list":["post-50","page","type-page","status-publish","hentry"],"yoast_head":"<!-- This site is optimized with the Yoast SEO plugin v27.3 - https:\/\/yoast.com\/product\/yoast-seo-wordpress\/ -->\n<title>Tietoa meist\u00e4 - C.Happ Consulting<\/title>\n<meta name=\"robots\" content=\"index, follow, max-snippet:-1, max-image-preview:large, max-video-preview:-1\" \/>\n<link rel=\"canonical\" href=\"https:\/\/www.c-happconsulting.fi\/index.php\/tietoa-meista\/\" \/>\n<meta property=\"og:locale\" content=\"fi_FI\" \/>\n<meta property=\"og:type\" content=\"article\" \/>\n<meta property=\"og:title\" content=\"Tietoa meist\u00e4 - C.Happ Consulting\" \/>\n<meta property=\"og:description\" content=\"Olen Christoph Happ \u2013 vahva myynnin, asiakashankinnan ja markkinoilletulon asiantuntija. Yritykseni, C.Happ Consulting, auttaa suomalaisia pk-yrityksi\u00e4 kasvamaan, l\u00f6yt\u00e4m\u00e4\u00e4n oikeat asiakkaat [&hellip;]\" \/>\n<meta property=\"og:url\" content=\"https:\/\/www.c-happconsulting.fi\/index.php\/tietoa-meista\/\" \/>\n<meta property=\"og:site_name\" content=\"C.Happ Consulting\" \/>\n<meta property=\"article:modified_time\" content=\"2026-02-11T09:19:15+00:00\" \/>\n<meta name=\"twitter:card\" content=\"summary_large_image\" \/>\n<meta name=\"twitter:label1\" content=\"Arvioitu lukuaika\" \/>\n\t<meta name=\"twitter:data1\" content=\"1 minuutti\" \/>\n<script type=\"application\/ld+json\" class=\"yoast-schema-graph\">{\"@context\":\"https:\\\/\\\/schema.org\",\"@graph\":[{\"@type\":\"WebPage\",\"@id\":\"https:\\\/\\\/www.c-happconsulting.fi\\\/index.php\\\/tietoa-meista\\\/\",\"url\":\"https:\\\/\\\/www.c-happconsulting.fi\\\/index.php\\\/tietoa-meista\\\/\",\"name\":\"Tietoa meist\u00e4 - C.Happ Consulting\",\"isPartOf\":{\"@id\":\"https:\\\/\\\/www.c-happconsulting.fi\\\/#website\"},\"datePublished\":\"2025-07-19T13:47:52+00:00\",\"dateModified\":\"2026-02-11T09:19:15+00:00\",\"breadcrumb\":{\"@id\":\"https:\\\/\\\/www.c-happconsulting.fi\\\/index.php\\\/tietoa-meista\\\/#breadcrumb\"},\"inLanguage\":\"fi\",\"potentialAction\":[{\"@type\":\"ReadAction\",\"target\":[\"https:\\\/\\\/www.c-happconsulting.fi\\\/index.php\\\/tietoa-meista\\\/\"]}]},{\"@type\":\"BreadcrumbList\",\"@id\":\"https:\\\/\\\/www.c-happconsulting.fi\\\/index.php\\\/tietoa-meista\\\/#breadcrumb\",\"itemListElement\":[{\"@type\":\"ListItem\",\"position\":1,\"name\":\"Etusivu\",\"item\":\"https:\\\/\\\/www.c-happconsulting.fi\\\/\"},{\"@type\":\"ListItem\",\"position\":2,\"name\":\"Tietoa meist\u00e4\"}]},{\"@type\":\"WebSite\",\"@id\":\"https:\\\/\\\/www.c-happconsulting.fi\\\/#website\",\"url\":\"https:\\\/\\\/www.c-happconsulting.fi\\\/\",\"name\":\"C.Happ Consulting\",\"description\":\"\",\"publisher\":{\"@id\":\"https:\\\/\\\/www.c-happconsulting.fi\\\/#organization\"},\"potentialAction\":[{\"@type\":\"SearchAction\",\"target\":{\"@type\":\"EntryPoint\",\"urlTemplate\":\"https:\\\/\\\/www.c-happconsulting.fi\\\/?s={search_term_string}\"},\"query-input\":{\"@type\":\"PropertyValueSpecification\",\"valueRequired\":true,\"valueName\":\"search_term_string\"}}],\"inLanguage\":\"fi\"},{\"@type\":\"Organization\",\"@id\":\"https:\\\/\\\/www.c-happconsulting.fi\\\/#organization\",\"name\":\"C.Happ Consulting\",\"url\":\"https:\\\/\\\/www.c-happconsulting.fi\\\/\",\"logo\":{\"@type\":\"ImageObject\",\"inLanguage\":\"fi\",\"@id\":\"https:\\\/\\\/www.c-happconsulting.fi\\\/#\\\/schema\\\/logo\\\/image\\\/\",\"url\":\"https:\\\/\\\/www.c-happconsulting.fi\\\/wp-content\\\/uploads\\\/2026\\\/01\\\/cropped-2logo500x500.png\",\"contentUrl\":\"https:\\\/\\\/www.c-happconsulting.fi\\\/wp-content\\\/uploads\\\/2026\\\/01\\\/cropped-2logo500x500.png\",\"width\":2104,\"height\":2087,\"caption\":\"C.Happ Consulting\"},\"image\":{\"@id\":\"https:\\\/\\\/www.c-happconsulting.fi\\\/#\\\/schema\\\/logo\\\/image\\\/\"},\"sameAs\":[\"https:\\\/\\\/www.linkedin.com\\\/in\\\/christoph-happ-a4a96b313\"]}]}<\/script>\n<!-- \/ Yoast SEO plugin. -->","yoast_head_json":{"title":"Tietoa meist\u00e4 - C.Happ Consulting","robots":{"index":"index","follow":"follow","max-snippet":"max-snippet:-1","max-image-preview":"max-image-preview:large","max-video-preview":"max-video-preview:-1"},"canonical":"https:\/\/www.c-happconsulting.fi\/index.php\/tietoa-meista\/","og_locale":"fi_FI","og_type":"article","og_title":"Tietoa meist\u00e4 - C.Happ Consulting","og_description":"Olen Christoph Happ \u2013 vahva myynnin, asiakashankinnan ja markkinoilletulon asiantuntija. Yritykseni, C.Happ Consulting, auttaa suomalaisia pk-yrityksi\u00e4 kasvamaan, l\u00f6yt\u00e4m\u00e4\u00e4n oikeat asiakkaat [&hellip;]","og_url":"https:\/\/www.c-happconsulting.fi\/index.php\/tietoa-meista\/","og_site_name":"C.Happ Consulting","article_modified_time":"2026-02-11T09:19:15+00:00","twitter_card":"summary_large_image","twitter_misc":{"Arvioitu lukuaika":"1 minuutti"},"schema":{"@context":"https:\/\/schema.org","@graph":[{"@type":"WebPage","@id":"https:\/\/www.c-happconsulting.fi\/index.php\/tietoa-meista\/","url":"https:\/\/www.c-happconsulting.fi\/index.php\/tietoa-meista\/","name":"Tietoa meist\u00e4 - C.Happ Consulting","isPartOf":{"@id":"https:\/\/www.c-happconsulting.fi\/#website"},"datePublished":"2025-07-19T13:47:52+00:00","dateModified":"2026-02-11T09:19:15+00:00","breadcrumb":{"@id":"https:\/\/www.c-happconsulting.fi\/index.php\/tietoa-meista\/#breadcrumb"},"inLanguage":"fi","potentialAction":[{"@type":"ReadAction","target":["https:\/\/www.c-happconsulting.fi\/index.php\/tietoa-meista\/"]}]},{"@type":"BreadcrumbList","@id":"https:\/\/www.c-happconsulting.fi\/index.php\/tietoa-meista\/#breadcrumb","itemListElement":[{"@type":"ListItem","position":1,"name":"Etusivu","item":"https:\/\/www.c-happconsulting.fi\/"},{"@type":"ListItem","position":2,"name":"Tietoa meist\u00e4"}]},{"@type":"WebSite","@id":"https:\/\/www.c-happconsulting.fi\/#website","url":"https:\/\/www.c-happconsulting.fi\/","name":"C.Happ Consulting","description":"","publisher":{"@id":"https:\/\/www.c-happconsulting.fi\/#organization"},"potentialAction":[{"@type":"SearchAction","target":{"@type":"EntryPoint","urlTemplate":"https:\/\/www.c-happconsulting.fi\/?s={search_term_string}"},"query-input":{"@type":"PropertyValueSpecification","valueRequired":true,"valueName":"search_term_string"}}],"inLanguage":"fi"},{"@type":"Organization","@id":"https:\/\/www.c-happconsulting.fi\/#organization","name":"C.Happ Consulting","url":"https:\/\/www.c-happconsulting.fi\/","logo":{"@type":"ImageObject","inLanguage":"fi","@id":"https:\/\/www.c-happconsulting.fi\/#\/schema\/logo\/image\/","url":"https:\/\/www.c-happconsulting.fi\/wp-content\/uploads\/2026\/01\/cropped-2logo500x500.png","contentUrl":"https:\/\/www.c-happconsulting.fi\/wp-content\/uploads\/2026\/01\/cropped-2logo500x500.png","width":2104,"height":2087,"caption":"C.Happ Consulting"},"image":{"@id":"https:\/\/www.c-happconsulting.fi\/#\/schema\/logo\/image\/"},"sameAs":["https:\/\/www.linkedin.com\/in\/christoph-happ-a4a96b313"]}]}},"_links":{"self":[{"href":"https:\/\/www.c-happconsulting.fi\/index.php\/wp-json\/wp\/v2\/pages\/50","targetHints":{"allow":["GET"]}}],"collection":[{"href":"https:\/\/www.c-happconsulting.fi\/index.php\/wp-json\/wp\/v2\/pages"}],"about":[{"href":"https:\/\/www.c-happconsulting.fi\/index.php\/wp-json\/wp\/v2\/types\/page"}],"author":[{"embeddable":true,"href":"https:\/\/www.c-happconsulting.fi\/index.php\/wp-json\/wp\/v2\/users\/1"}],"replies":[{"embeddable":true,"href":"https:\/\/www.c-happconsulting.fi\/index.php\/wp-json\/wp\/v2\/comments?post=50"}],"version-history":[{"count":31,"href":"https:\/\/www.c-happconsulting.fi\/index.php\/wp-json\/wp\/v2\/pages\/50\/revisions"}],"predecessor-version":[{"id":1176,"href":"https:\/\/www.c-happconsulting.fi\/index.php\/wp-json\/wp\/v2\/pages\/50\/revisions\/1176"}],"wp:attachment":[{"href":"https:\/\/www.c-happconsulting.fi\/index.php\/wp-json\/wp\/v2\/media?parent=50"}],"curies":[{"name":"wp","href":"https:\/\/api.w.org\/{rel}","templated":true}]}}